{"id":2378,"date":"2025-01-17T17:20:45","date_gmt":"2025-01-17T16:20:45","guid":{"rendered":"https:\/\/kurterni.ch\/wordpress\/?page_id=2378"},"modified":"2025-02-04T21:11:44","modified_gmt":"2025-02-04T20:11:44","slug":"der-weisse-stuhl","status":"publish","type":"page","link":"https:\/\/kurterni.ch\/wordpress\/ausstellungen\/2024-die-kirche-im-dorf\/der-weisse-stuhl\/","title":{"rendered":"Der weisse Stuhl"},"content":{"rendered":"\n<p class=\"has-medium-font-size\">Nur wer genau hinsieht, entdeckt den weissen Stuhl, ein aus Alabaster gefertigter kleiner Stuhl. Sinnigerweise ist er leer. Die H\u00fclle regt zum Denken an, was soll die l\u00f6chrige Konstruktion bedeuten?<\/p>\n\n\n\n<p>Die folgende Galerie zeugt den Werdegang.<\/p>\n\n\n\n<div class=\"wp-block-media-text is-stacked-on-mobile\"><figure class=\"wp-block-media-text__media\"><img loading=\"lazy\" decoding=\"async\" width=\"1000\" height=\"664\" src=\"https:\/\/kurterni.ch\/wordpress\/wp-content\/uploads\/2025\/01\/Haende-Glas-zuschneiden-fertig.jpg\" alt=\"\" class=\"wp-image-2380 size-full\" srcset=\"https:\/\/kurterni.ch\/wordpress\/wp-content\/uploads\/2025\/01\/Haende-Glas-zuschneiden-fertig.jpg 1000w, https:\/\/kurterni.ch\/wordpress\/wp-content\/uploads\/2025\/01\/Haende-Glas-zuschneiden-fertig-300x199.jpg 300w, https:\/\/kurterni.ch\/wordpress\/wp-content\/uploads\/2025\/01\/Haende-Glas-zuschneiden-fertig-768x510.jpg 768w\" sizes=\"auto, (max-width: 1000px) 100vw, 1000px\" \/><\/figure><div class=\"wp-block-media-text__content\">\n<p>Die Glasscheiben sind aus lauter Scherben von herk\u00f6mmlichem Fensterglas zusammengef\u00fcgt.<br><\/p>\n<\/div><\/div>\n\n\n\n<div class=\"wp-block-media-text is-stacked-on-mobile\"><figure class=\"wp-block-media-text__media\"><img loading=\"lazy\" decoding=\"async\" width=\"1000\" height=\"664\" src=\"https:\/\/kurterni.ch\/wordpress\/wp-content\/uploads\/2025\/01\/Glasofen-einfuellen-fertig.jpg\" alt=\"\" class=\"wp-image-2381 size-full\" srcset=\"https:\/\/kurterni.ch\/wordpress\/wp-content\/uploads\/2025\/01\/Glasofen-einfuellen-fertig.jpg 1000w, https:\/\/kurterni.ch\/wordpress\/wp-content\/uploads\/2025\/01\/Glasofen-einfuellen-fertig-300x199.jpg 300w, https:\/\/kurterni.ch\/wordpress\/wp-content\/uploads\/2025\/01\/Glasofen-einfuellen-fertig-768x510.jpg 768w\" sizes=\"auto, (max-width: 1000px) 100vw, 1000px\" \/><\/figure><div class=\"wp-block-media-text__content\">\n<p>In einem grossen Ofen werden die Glasscheiben eingelegt. Die R\u00e4nder m\u00fcssen genau stimmen, damit sie sp\u00e4ter zusammengef\u00fcgt werden k\u00f6nnen.<\/p>\n<\/div><\/div>\n\n\n\n<div class=\"wp-block-media-text is-stacked-on-mobile\"><figure class=\"wp-block-media-text__media\"><img loading=\"lazy\" decoding=\"async\" width=\"1000\" height=\"664\" src=\"https:\/\/kurterni.ch\/wordpress\/wp-content\/uploads\/2025\/01\/Silikonumrahmung-fertig.jpg\" alt=\"\" class=\"wp-image-2382 size-full\" srcset=\"https:\/\/kurterni.ch\/wordpress\/wp-content\/uploads\/2025\/01\/Silikonumrahmung-fertig.jpg 1000w, https:\/\/kurterni.ch\/wordpress\/wp-content\/uploads\/2025\/01\/Silikonumrahmung-fertig-300x199.jpg 300w, https:\/\/kurterni.ch\/wordpress\/wp-content\/uploads\/2025\/01\/Silikonumrahmung-fertig-768x510.jpg 768w\" sizes=\"auto, (max-width: 1000px) 100vw, 1000px\" \/><\/figure><div class=\"wp-block-media-text__content\">\n<p>Jede Scheibe, 24 an der Zahl, sind mit Bleiprofilen umrahmt. Solche Profile werden noch heute eingebaut um Kirchenfenster zu bauen oder reparieren. Die Technik stammt aus dem Mittelalter.<\/p>\n<\/div><\/div>\n\n\n\n<div class=\"wp-block-media-text is-stacked-on-mobile\"><figure class=\"wp-block-media-text__media\"><img loading=\"lazy\" decoding=\"async\" width=\"664\" height=\"1000\" src=\"https:\/\/kurterni.ch\/wordpress\/wp-content\/uploads\/2025\/01\/Der-weisse-stuhl-fertig-1-1.jpg\" alt=\"\" class=\"wp-image-2383 size-full\" srcset=\"https:\/\/kurterni.ch\/wordpress\/wp-content\/uploads\/2025\/01\/Der-weisse-stuhl-fertig-1-1.jpg 664w, https:\/\/kurterni.ch\/wordpress\/wp-content\/uploads\/2025\/01\/Der-weisse-stuhl-fertig-1-1-199x300.jpg 199w\" sizes=\"auto, (max-width: 664px) 100vw, 664px\" \/><\/figure><div class=\"wp-block-media-text__content\">\n<p>Die einzelnen Glasfl\u00e4chen werden jetzt mit Zinn verl\u00f6tet. Das ist eine sehr anspruchsvolle Arbeit, denn vertikal l\u00f6ten ist sehr schwierig. Das Verl\u00f6ten verleiht eine ungeahnte Stabilit\u00e4t.<\/p>\n<\/div><\/div>\n\n\n\n<div class=\"wp-block-media-text is-stacked-on-mobile\"><figure class=\"wp-block-media-text__media\"><img loading=\"lazy\" decoding=\"async\" width=\"664\" height=\"1000\" src=\"https:\/\/kurterni.ch\/wordpress\/wp-content\/uploads\/2025\/01\/Der-weisse-Stuhl-Ausstellung-fertig-1.jpg\" alt=\"\" class=\"wp-image-2384 size-full\" srcset=\"https:\/\/kurterni.ch\/wordpress\/wp-content\/uploads\/2025\/01\/Der-weisse-Stuhl-Ausstellung-fertig-1.jpg 664w, https:\/\/kurterni.ch\/wordpress\/wp-content\/uploads\/2025\/01\/Der-weisse-Stuhl-Ausstellung-fertig-1-199x300.jpg 199w\" sizes=\"auto, (max-width: 664px) 100vw, 664px\" \/><\/figure><div class=\"wp-block-media-text__content\">\n<p>Die Skulptur und der K\u00fcnstler w\u00e4hrend der Ausstellung. Ein Hexagon auf ein Dreieck gestellt ist nicht die stabilste Sache der Welt. <br>Warum habe ich das wohl gemacht?<\/p>\n<\/div><\/div>\n\n\n\n<p class=\"has-medium-font-size\"><a href=\"https:\/\/kurterni.ch\/wordpress\">Startseite<\/a><\/p>\n","protected":false},"excerpt":{"rendered":"<p>Nur wer genau hinsieht, entdeckt den weissen Stuhl, ein aus Alabaster gefertigter kleiner Stuhl. Sinnigerweise ist er leer. Die H\u00fclle regt zum Denken an, was soll die l\u00f6chrige Konstruktion bedeuten? Die folgende Galerie zeugt den Werdegang. Die Glasscheiben sind aus lauter Scherben von herk\u00f6mmlichem Fensterglas zusammengef\u00fcgt. In einem grossen Ofen werden die Glasscheiben eingelegt. Die &hellip; <a href=\"https:\/\/kurterni.ch\/wordpress\/ausstellungen\/2024-die-kirche-im-dorf\/der-weisse-stuhl\/\" class=\"more-link\"><span class=\"screen-reader-text\">Der weisse Stuhl<\/span> weiterlesen <span class=\"meta-nav\">&rarr;<\/span><\/a><\/p>\n","protected":false},"author":3,"featured_media":2379,"parent":2298,"menu_order":0,"comment_status":"closed","ping_status":"closed","template":"","meta":{"footnotes":""},"class_list":["post-2378","page","type-page","status-publish","has-post-thumbnail","hentry"],"_links":{"self":[{"href":"https:\/\/kurterni.ch\/wordpress\/wp-json\/wp\/v2\/pages\/2378","targetHints":{"allow":["GET"]}}],"collection":[{"href":"https:\/\/kurterni.ch\/wordpress\/wp-json\/wp\/v2\/pages"}],"about":[{"href":"https:\/\/kurterni.ch\/wordpress\/wp-json\/wp\/v2\/types\/page"}],"author":[{"embeddable":true,"href":"https:\/\/kurterni.ch\/wordpress\/wp-json\/wp\/v2\/users\/3"}],"replies":[{"embeddable":true,"href":"https:\/\/kurterni.ch\/wordpress\/wp-json\/wp\/v2\/comments?post=2378"}],"version-history":[{"count":5,"href":"https:\/\/kurterni.ch\/wordpress\/wp-json\/wp\/v2\/pages\/2378\/revisions"}],"predecessor-version":[{"id":2742,"href":"https:\/\/kurterni.ch\/wordpress\/wp-json\/wp\/v2\/pages\/2378\/revisions\/2742"}],"up":[{"embeddable":true,"href":"https:\/\/kurterni.ch\/wordpress\/wp-json\/wp\/v2\/pages\/2298"}],"wp:featuredmedia":[{"embeddable":true,"href":"https:\/\/kurterni.ch\/wordpress\/wp-json\/wp\/v2\/media\/2379"}],"wp:attachment":[{"href":"https:\/\/kurterni.ch\/wordpress\/wp-json\/wp\/v2\/media?parent=2378"}],"curies":[{"name":"wp","href":"https:\/\/api.w.org\/{rel}","templated":true}]}}