{"id":2369,"date":"2025-01-17T17:05:52","date_gmt":"2025-01-17T16:05:52","guid":{"rendered":"https:\/\/kurterni.ch\/wordpress\/?page_id=2369"},"modified":"2025-02-04T21:12:26","modified_gmt":"2025-02-04T20:12:26","slug":"lasset-uns-beten","status":"publish","type":"page","link":"https:\/\/kurterni.ch\/wordpress\/ausstellungen\/2024-die-kirche-im-dorf\/lasset-uns-beten\/","title":{"rendered":"Lasset uns beten"},"content":{"rendered":"\n<p class=\"has-medium-font-size\">Die Skulptur ist ein Aufruf an die Region Naher Osten, welche schon seit Jahrzehnten sich feindselig gegen\u00fcber steht. Alle drei Religionen mit ihren verschiedenen Auslegungen ihrer Lehre sind miteinander verwandt. Darum die Aufforderung &#8211; wenn ihr betet, dann gemeinsam und f\u00fcr die Anderen, nicht gegeneinander.<\/p>\n\n\n\n<p><\/p>\n\n\n\n<div class=\"wp-block-media-text is-stacked-on-mobile\" style=\"grid-template-columns:45% auto\"><figure class=\"wp-block-media-text__media\"><img loading=\"lazy\" decoding=\"async\" width=\"1000\" height=\"664\" src=\"https:\/\/kurterni.ch\/wordpress\/wp-content\/uploads\/2025\/01\/Arbeit-am-Korpus-fertig-2.jpg\" alt=\"\" class=\"wp-image-2372 size-full\" srcset=\"https:\/\/kurterni.ch\/wordpress\/wp-content\/uploads\/2025\/01\/Arbeit-am-Korpus-fertig-2.jpg 1000w, https:\/\/kurterni.ch\/wordpress\/wp-content\/uploads\/2025\/01\/Arbeit-am-Korpus-fertig-2-300x199.jpg 300w, https:\/\/kurterni.ch\/wordpress\/wp-content\/uploads\/2025\/01\/Arbeit-am-Korpus-fertig-2-768x510.jpg 768w\" sizes=\"auto, (max-width: 1000px) 100vw, 1000px\" \/><\/figure><div class=\"wp-block-media-text__content\">\n<p>Arbeit am Korpus<\/p>\n<\/div><\/div>\n\n\n\n<div class=\"wp-block-media-text is-stacked-on-mobile\" style=\"grid-template-columns:45% auto\"><figure class=\"wp-block-media-text__media\"><img loading=\"lazy\" decoding=\"async\" width=\"1000\" height=\"664\" src=\"https:\/\/kurterni.ch\/wordpress\/wp-content\/uploads\/2025\/01\/Haende-am-Korpus-fertig.jpg\" alt=\"\" class=\"wp-image-2373 size-full\" srcset=\"https:\/\/kurterni.ch\/wordpress\/wp-content\/uploads\/2025\/01\/Haende-am-Korpus-fertig.jpg 1000w, https:\/\/kurterni.ch\/wordpress\/wp-content\/uploads\/2025\/01\/Haende-am-Korpus-fertig-300x199.jpg 300w, https:\/\/kurterni.ch\/wordpress\/wp-content\/uploads\/2025\/01\/Haende-am-Korpus-fertig-768x510.jpg 768w\" sizes=\"auto, (max-width: 1000px) 100vw, 1000px\" \/><\/figure><div class=\"wp-block-media-text__content\">\n<p>Der Korpus wird sorgf\u00e4ltig mit Gipsbinden umwickelt<\/p>\n<\/div><\/div>\n\n\n\n<div class=\"wp-block-media-text is-stacked-on-mobile\" style=\"grid-template-columns:45% auto\"><figure class=\"wp-block-media-text__media\"><img loading=\"lazy\" decoding=\"async\" width=\"664\" height=\"1000\" src=\"https:\/\/kurterni.ch\/wordpress\/wp-content\/uploads\/2025\/01\/Lasset-uns-beten-Ausstellung-fertig-1.jpg\" alt=\"\" class=\"wp-image-2375 size-full\" srcset=\"https:\/\/kurterni.ch\/wordpress\/wp-content\/uploads\/2025\/01\/Lasset-uns-beten-Ausstellung-fertig-1.jpg 664w, https:\/\/kurterni.ch\/wordpress\/wp-content\/uploads\/2025\/01\/Lasset-uns-beten-Ausstellung-fertig-1-199x300.jpg 199w\" sizes=\"auto, (max-width: 664px) 100vw, 664px\" \/><\/figure><div class=\"wp-block-media-text__content\">\n<p>Die Skulptur &#8222;Lasset uns Beten&#8220; hat eine Gesamth\u00f6he von mehr als 2 Metern. Die Seite des Christentums ist mit &#8222;Rosenkr\u00e4nzen&#8220;, Kreuzen und &#8222;Kruzifixen&#8220; (des ans Kreuz gehefteten) gestaltet. Das sind die Utensilien, welche eingesetzt werden. <br>Rechts auf der blauen Fl\u00e4che steht der Anfang der &#8222;Genesis&#8220;; auf der dritten gr\u00fcnen Fl\u00e4che steht die erste und zweite Sure des Korans. <br>Wer verbindet die drei &#8222;SCHWESTERN&#8220; ?<br><\/p>\n<\/div><\/div>\n\n\n\n<p class=\"has-medium-font-size\"><a href=\"https:\/\/kurterni.ch\/wordpress\">Startseite<\/a><\/p>\n","protected":false},"excerpt":{"rendered":"<p>Die Skulptur ist ein Aufruf an die Region Naher Osten, welche schon seit Jahrzehnten sich feindselig gegen\u00fcber steht. Alle drei Religionen mit ihren verschiedenen Auslegungen ihrer Lehre sind miteinander verwandt. Darum die Aufforderung &#8211; wenn ihr betet, dann gemeinsam und f\u00fcr die Anderen, nicht gegeneinander. Arbeit am Korpus Der Korpus wird sorgf\u00e4ltig mit Gipsbinden umwickelt &hellip; <a href=\"https:\/\/kurterni.ch\/wordpress\/ausstellungen\/2024-die-kirche-im-dorf\/lasset-uns-beten\/\" class=\"more-link\"><span class=\"screen-reader-text\">Lasset uns beten<\/span> weiterlesen <span class=\"meta-nav\">&rarr;<\/span><\/a><\/p>\n","protected":false},"author":3,"featured_media":2370,"parent":2298,"menu_order":0,"comment_status":"closed","ping_status":"closed","template":"","meta":{"footnotes":""},"class_list":["post-2369","page","type-page","status-publish","has-post-thumbnail","hentry"],"_links":{"self":[{"href":"https:\/\/kurterni.ch\/wordpress\/wp-json\/wp\/v2\/pages\/2369","targetHints":{"allow":["GET"]}}],"collection":[{"href":"https:\/\/kurterni.ch\/wordpress\/wp-json\/wp\/v2\/pages"}],"about":[{"href":"https:\/\/kurterni.ch\/wordpress\/wp-json\/wp\/v2\/types\/page"}],"author":[{"embeddable":true,"href":"https:\/\/kurterni.ch\/wordpress\/wp-json\/wp\/v2\/users\/3"}],"replies":[{"embeddable":true,"href":"https:\/\/kurterni.ch\/wordpress\/wp-json\/wp\/v2\/comments?post=2369"}],"version-history":[{"count":5,"href":"https:\/\/kurterni.ch\/wordpress\/wp-json\/wp\/v2\/pages\/2369\/revisions"}],"predecessor-version":[{"id":2744,"href":"https:\/\/kurterni.ch\/wordpress\/wp-json\/wp\/v2\/pages\/2369\/revisions\/2744"}],"up":[{"embeddable":true,"href":"https:\/\/kurterni.ch\/wordpress\/wp-json\/wp\/v2\/pages\/2298"}],"wp:featuredmedia":[{"embeddable":true,"href":"https:\/\/kurterni.ch\/wordpress\/wp-json\/wp\/v2\/media\/2370"}],"wp:attachment":[{"href":"https:\/\/kurterni.ch\/wordpress\/wp-json\/wp\/v2\/media?parent=2369"}],"curies":[{"name":"wp","href":"https:\/\/api.w.org\/{rel}","templated":true}]}}