{"id":2326,"date":"2025-01-16T16:34:04","date_gmt":"2025-01-16T15:34:04","guid":{"rendered":"https:\/\/kurterni.ch\/wordpress\/?page_id=2326"},"modified":"2025-02-04T21:12:56","modified_gmt":"2025-02-04T20:12:56","slug":"linol-drucke-der-kirchen","status":"publish","type":"page","link":"https:\/\/kurterni.ch\/wordpress\/ausstellungen\/2024-die-kirche-im-dorf\/linol-drucke-der-kirchen\/","title":{"rendered":"Linol-Drucke der Kirchen"},"content":{"rendered":"\n<p class=\"has-medium-font-size\">Die Kirchen als Geb\u00e4ude sind in den Dorfbildern sehr pr\u00e4sent. Deshalb habe ich alle 15 Kirchen auf diese Weise dargestellt. Die Beschr\u00e4nkung  auf schwarz\/weiss ergibt einen klaren Stil, der nicht weiter reduziert werden kann.<\/p>\n\n\n\n<p><em>Es sind nicht alle Kirchen in der Galerie vertreten. Die fehlenden werden in K\u00fcrze noch eingesetzt. Zum Teil sind es Probedrucke, die richtigen sind auf B\u00fcttenpapier. Das macht die Konturen noch klarer.<\/em><\/p>\n\n\n\n<p>Alle Linoldrucke k\u00f6nnen gekauft werden. (Kontaktdaten siehe Startseite) Die erste Serie umfasst 5 Exemplare. Die Drucke haben das Format 40cm X 50cm. Die einen sind querformatig, die andern hochkant.<\/p>\n\n\n\n<figure class=\"wp-block-gallery has-nested-images columns-default is-cropped wp-block-gallery-1 is-layout-flex wp-block-gallery-is-layout-flex\">\n<figure class=\"wp-block-image size-large\"><img loading=\"lazy\" decoding=\"async\" width=\"400\" height=\"300\" data-id=\"2328\" src=\"https:\/\/kurterni.ch\/wordpress\/wp-content\/uploads\/2025\/01\/Kirche-Bramboden-fertig.jpg\" alt=\"\" class=\"wp-image-2328\" srcset=\"https:\/\/kurterni.ch\/wordpress\/wp-content\/uploads\/2025\/01\/Kirche-Bramboden-fertig.jpg 400w, https:\/\/kurterni.ch\/wordpress\/wp-content\/uploads\/2025\/01\/Kirche-Bramboden-fertig-300x225.jpg 300w\" sizes=\"auto, (max-width: 400px) 100vw, 400px\" \/><\/figure>\n\n\n\n<figure class=\"wp-block-image size-large\"><img loading=\"lazy\" decoding=\"async\" width=\"300\" height=\"400\" data-id=\"2331\" src=\"https:\/\/kurterni.ch\/wordpress\/wp-content\/uploads\/2025\/01\/Kirche-Doppleschwand-fertig.jpg\" alt=\"\" class=\"wp-image-2331\" srcset=\"https:\/\/kurterni.ch\/wordpress\/wp-content\/uploads\/2025\/01\/Kirche-Doppleschwand-fertig.jpg 300w, https:\/\/kurterni.ch\/wordpress\/wp-content\/uploads\/2025\/01\/Kirche-Doppleschwand-fertig-225x300.jpg 225w\" sizes=\"auto, (max-width: 300px) 100vw, 300px\" \/><\/figure>\n\n\n\n<figure class=\"wp-block-image size-large\"><img loading=\"lazy\" decoding=\"async\" width=\"300\" height=\"400\" data-id=\"2327\" src=\"https:\/\/kurterni.ch\/wordpress\/wp-content\/uploads\/2025\/01\/Kirche-Entlebuch-fertig.jpg\" alt=\"\" class=\"wp-image-2327\" srcset=\"https:\/\/kurterni.ch\/wordpress\/wp-content\/uploads\/2025\/01\/Kirche-Entlebuch-fertig.jpg 300w, https:\/\/kurterni.ch\/wordpress\/wp-content\/uploads\/2025\/01\/Kirche-Entlebuch-fertig-225x300.jpg 225w\" sizes=\"auto, (max-width: 300px) 100vw, 300px\" \/><\/figure>\n\n\n\n<figure class=\"wp-block-image size-large\"><img loading=\"lazy\" decoding=\"async\" width=\"400\" height=\"300\" data-id=\"2330\" src=\"https:\/\/kurterni.ch\/wordpress\/wp-content\/uploads\/2025\/01\/Kirche-Finsterwald-fertig.jpg\" alt=\"\" class=\"wp-image-2330\" srcset=\"https:\/\/kurterni.ch\/wordpress\/wp-content\/uploads\/2025\/01\/Kirche-Finsterwald-fertig.jpg 400w, https:\/\/kurterni.ch\/wordpress\/wp-content\/uploads\/2025\/01\/Kirche-Finsterwald-fertig-300x225.jpg 300w\" sizes=\"auto, (max-width: 400px) 100vw, 400px\" \/><\/figure>\n\n\n\n<figure class=\"wp-block-image size-large\"><img loading=\"lazy\" decoding=\"async\" width=\"300\" height=\"400\" data-id=\"2333\" src=\"https:\/\/kurterni.ch\/wordpress\/wp-content\/uploads\/2025\/01\/Kirche-Fluehli-fertig.jpg\" alt=\"\" class=\"wp-image-2333\" srcset=\"https:\/\/kurterni.ch\/wordpress\/wp-content\/uploads\/2025\/01\/Kirche-Fluehli-fertig.jpg 300w, https:\/\/kurterni.ch\/wordpress\/wp-content\/uploads\/2025\/01\/Kirche-Fluehli-fertig-225x300.jpg 225w\" sizes=\"auto, (max-width: 300px) 100vw, 300px\" \/><\/figure>\n\n\n\n<figure class=\"wp-block-image size-large\"><img loading=\"lazy\" decoding=\"async\" width=\"300\" height=\"400\" data-id=\"2329\" src=\"https:\/\/kurterni.ch\/wordpress\/wp-content\/uploads\/2025\/01\/Kirche-Heiligkreuz-fertig.jpg\" alt=\"\" class=\"wp-image-2329\" srcset=\"https:\/\/kurterni.ch\/wordpress\/wp-content\/uploads\/2025\/01\/Kirche-Heiligkreuz-fertig.jpg 300w, https:\/\/kurterni.ch\/wordpress\/wp-content\/uploads\/2025\/01\/Kirche-Heiligkreuz-fertig-225x300.jpg 225w\" sizes=\"auto, (max-width: 300px) 100vw, 300px\" \/><\/figure>\n\n\n\n<figure class=\"wp-block-image size-large\"><img loading=\"lazy\" decoding=\"async\" width=\"400\" height=\"300\" data-id=\"2332\" src=\"https:\/\/kurterni.ch\/wordpress\/wp-content\/uploads\/2025\/01\/Kirche-Heiligkreuz2-fertig.jpg\" alt=\"\" class=\"wp-image-2332\" srcset=\"https:\/\/kurterni.ch\/wordpress\/wp-content\/uploads\/2025\/01\/Kirche-Heiligkreuz2-fertig.jpg 400w, https:\/\/kurterni.ch\/wordpress\/wp-content\/uploads\/2025\/01\/Kirche-Heiligkreuz2-fertig-300x225.jpg 300w\" sizes=\"auto, (max-width: 400px) 100vw, 400px\" \/><\/figure>\n\n\n\n<figure class=\"wp-block-image size-large\"><img loading=\"lazy\" decoding=\"async\" width=\"300\" height=\"400\" data-id=\"2336\" src=\"https:\/\/kurterni.ch\/wordpress\/wp-content\/uploads\/2025\/01\/Kirche-Marbach-fertig.jpg\" alt=\"\" class=\"wp-image-2336\" srcset=\"https:\/\/kurterni.ch\/wordpress\/wp-content\/uploads\/2025\/01\/Kirche-Marbach-fertig.jpg 300w, https:\/\/kurterni.ch\/wordpress\/wp-content\/uploads\/2025\/01\/Kirche-Marbach-fertig-225x300.jpg 225w\" sizes=\"auto, (max-width: 300px) 100vw, 300px\" \/><\/figure>\n\n\n\n<figure class=\"wp-block-image size-large\"><img loading=\"lazy\" decoding=\"async\" width=\"400\" height=\"300\" data-id=\"2335\" src=\"https:\/\/kurterni.ch\/wordpress\/wp-content\/uploads\/2025\/01\/Kirche-Romoos-fertig.jpg\" alt=\"\" class=\"wp-image-2335\" srcset=\"https:\/\/kurterni.ch\/wordpress\/wp-content\/uploads\/2025\/01\/Kirche-Romoos-fertig.jpg 400w, https:\/\/kurterni.ch\/wordpress\/wp-content\/uploads\/2025\/01\/Kirche-Romoos-fertig-300x225.jpg 300w\" sizes=\"auto, (max-width: 400px) 100vw, 400px\" \/><\/figure>\n\n\n\n<figure class=\"wp-block-image size-large\"><img loading=\"lazy\" decoding=\"async\" width=\"300\" height=\"400\" data-id=\"2334\" src=\"https:\/\/kurterni.ch\/wordpress\/wp-content\/uploads\/2025\/01\/Kirche-Schuepfheim-fertig.jpg\" alt=\"\" class=\"wp-image-2334\" srcset=\"https:\/\/kurterni.ch\/wordpress\/wp-content\/uploads\/2025\/01\/Kirche-Schuepfheim-fertig.jpg 300w, https:\/\/kurterni.ch\/wordpress\/wp-content\/uploads\/2025\/01\/Kirche-Schuepfheim-fertig-225x300.jpg 225w\" sizes=\"auto, (max-width: 300px) 100vw, 300px\" \/><\/figure>\n\n\n\n<figure class=\"wp-block-image size-large\"><img loading=\"lazy\" decoding=\"async\" width=\"300\" height=\"400\" data-id=\"2337\" src=\"https:\/\/kurterni.ch\/wordpress\/wp-content\/uploads\/2025\/01\/Kirche-Soerenberg-fertig.jpg\" alt=\"\" class=\"wp-image-2337\" srcset=\"https:\/\/kurterni.ch\/wordpress\/wp-content\/uploads\/2025\/01\/Kirche-Soerenberg-fertig.jpg 300w, https:\/\/kurterni.ch\/wordpress\/wp-content\/uploads\/2025\/01\/Kirche-Soerenberg-fertig-225x300.jpg 225w\" sizes=\"auto, (max-width: 300px) 100vw, 300px\" \/><\/figure>\n\n\n\n<figure class=\"wp-block-image size-large\"><img loading=\"lazy\" decoding=\"async\" width=\"400\" height=\"300\" data-id=\"2338\" src=\"https:\/\/kurterni.ch\/wordpress\/wp-content\/uploads\/2025\/01\/reform-Kirche-Escholzmatt-fertig.jpg\" alt=\"\" class=\"wp-image-2338\" srcset=\"https:\/\/kurterni.ch\/wordpress\/wp-content\/uploads\/2025\/01\/reform-Kirche-Escholzmatt-fertig.jpg 400w, https:\/\/kurterni.ch\/wordpress\/wp-content\/uploads\/2025\/01\/reform-Kirche-Escholzmatt-fertig-300x225.jpg 300w\" sizes=\"auto, (max-width: 400px) 100vw, 400px\" \/><\/figure>\n\n\n\n<figure class=\"wp-block-image size-large\"><img loading=\"lazy\" decoding=\"async\" width=\"400\" height=\"300\" data-id=\"2339\" src=\"https:\/\/kurterni.ch\/wordpress\/wp-content\/uploads\/2025\/01\/reform-Kirche-Schuepfheim-fertig.jpg\" alt=\"\" class=\"wp-image-2339\" srcset=\"https:\/\/kurterni.ch\/wordpress\/wp-content\/uploads\/2025\/01\/reform-Kirche-Schuepfheim-fertig.jpg 400w, https:\/\/kurterni.ch\/wordpress\/wp-content\/uploads\/2025\/01\/reform-Kirche-Schuepfheim-fertig-300x225.jpg 300w\" sizes=\"auto, (max-width: 400px) 100vw, 400px\" \/><\/figure>\n<\/figure>\n\n\n\n<p>Die gedruckten Kirchen von oben links nach unten rechts:<br>Bramboden \/ Doppleschwand \/ Entlebuch<br>Finsterwald \/ Fl\u00fchli \/ Heiligkreuz<br>Heiligkreuz 2 \/ Marbach \/ Romoos<br>Sch\u00fcpfheim \/ S\u00f6renberg \/ reformierte Kirche Escholzmatt<br>reformierte Kirche Sch\u00fcpfheim<\/p>\n\n\n\n<p class=\"has-medium-font-size\"><a href=\"https:\/\/kurterni.ch\/wordpress\">Startseite<\/a><\/p>\n","protected":false},"excerpt":{"rendered":"<p>Die Kirchen als Geb\u00e4ude sind in den Dorfbildern sehr pr\u00e4sent. Deshalb habe ich alle 15 Kirchen auf diese Weise dargestellt. Die Beschr\u00e4nkung auf schwarz\/weiss ergibt einen klaren Stil, der nicht weiter reduziert werden kann. Es sind nicht alle Kirchen in der Galerie vertreten. Die fehlenden werden in K\u00fcrze noch eingesetzt. Zum Teil sind es Probedrucke, &hellip; <a href=\"https:\/\/kurterni.ch\/wordpress\/ausstellungen\/2024-die-kirche-im-dorf\/linol-drucke-der-kirchen\/\" class=\"more-link\"><span class=\"screen-reader-text\">Linol-Drucke der Kirchen<\/span> weiterlesen <span class=\"meta-nav\">&rarr;<\/span><\/a><\/p>\n","protected":false},"author":3,"featured_media":2366,"parent":2298,"menu_order":0,"comment_status":"closed","ping_status":"closed","template":"","meta":{"footnotes":""},"class_list":["post-2326","page","type-page","status-publish","has-post-thumbnail","hentry"],"_links":{"self":[{"href":"https:\/\/kurterni.ch\/wordpress\/wp-json\/wp\/v2\/pages\/2326","targetHints":{"allow":["GET"]}}],"collection":[{"href":"https:\/\/kurterni.ch\/wordpress\/wp-json\/wp\/v2\/pages"}],"about":[{"href":"https:\/\/kurterni.ch\/wordpress\/wp-json\/wp\/v2\/types\/page"}],"author":[{"embeddable":true,"href":"https:\/\/kurterni.ch\/wordpress\/wp-json\/wp\/v2\/users\/3"}],"replies":[{"embeddable":true,"href":"https:\/\/kurterni.ch\/wordpress\/wp-json\/wp\/v2\/comments?post=2326"}],"version-history":[{"count":4,"href":"https:\/\/kurterni.ch\/wordpress\/wp-json\/wp\/v2\/pages\/2326\/revisions"}],"predecessor-version":[{"id":2745,"href":"https:\/\/kurterni.ch\/wordpress\/wp-json\/wp\/v2\/pages\/2326\/revisions\/2745"}],"up":[{"embeddable":true,"href":"https:\/\/kurterni.ch\/wordpress\/wp-json\/wp\/v2\/pages\/2298"}],"wp:featuredmedia":[{"embeddable":true,"href":"https:\/\/kurterni.ch\/wordpress\/wp-json\/wp\/v2\/media\/2366"}],"wp:attachment":[{"href":"https:\/\/kurterni.ch\/wordpress\/wp-json\/wp\/v2\/media?parent=2326"}],"curies":[{"name":"wp","href":"https:\/\/api.w.org\/{rel}","templated":true}]}}