{"id":102,"date":"2011-01-09T12:14:34","date_gmt":"2011-01-09T11:14:34","guid":{"rendered":"http:\/\/kurterni.ch\/wordpress\/"},"modified":"2025-02-04T21:00:34","modified_gmt":"2025-02-04T20:00:34","slug":"plastisches-gestalten","status":"publish","type":"page","link":"https:\/\/kurterni.ch\/wordpress\/plastisches-gestalten\/","title":{"rendered":"Arbeitsfelder"},"content":{"rendered":"\n<p>Speckstein und Holz sowie im Moment Ytong (Schaumbeton) sind f\u00fcr mich sehr spannende Grundstoffe.<\/p>\n\n\n\n<p>Aus Speckstein feile und rasple ich kleinere bis mittlere Skulpturen.<\/p>\n\n\n\n<p>Aus Ahornbrettern schneide ich mit einer einzigen S\u00e4gelinie die Form der B\u00e4ume.<\/p>\n\n\n\n<p>Schaumbeton ist ein geduldiger, aber sehr br\u00fcchiger Werkstoff, welchen ich eher zu \u00dcbungszwecken einsetze. Doch auch so entstehen ausdrucksstarke Skulpturen.<\/p>\n\n\n\n<p>Sehr gerne modelliere ich mit Ton.<\/p>\n\n\n\n<p class=\"has-medium-font-size\"><a href=\"https:\/\/kurterni.ch\/wordpress\">Startseite<\/a><\/p>\n","protected":false},"excerpt":{"rendered":"<p>Speckstein und Holz sowie im Moment Ytong (Schaumbeton) sind f\u00fcr mich sehr spannende Grundstoffe. Aus Speckstein feile und rasple ich kleinere bis mittlere Skulpturen. Aus Ahornbrettern schneide ich mit einer einzigen S\u00e4gelinie die Form der B\u00e4ume. Schaumbeton ist ein geduldiger, aber sehr br\u00fcchiger Werkstoff, welchen ich eher zu \u00dcbungszwecken einsetze. Doch auch so entstehen ausdrucksstarke &hellip; <a href=\"https:\/\/kurterni.ch\/wordpress\/plastisches-gestalten\/\" class=\"more-link\"><span class=\"screen-reader-text\">Arbeitsfelder<\/span> weiterlesen <span class=\"meta-nav\">&rarr;<\/span><\/a><\/p>\n","protected":false},"author":3,"featured_media":2101,"parent":0,"menu_order":0,"comment_status":"open","ping_status":"open","template":"","meta":{"footnotes":""},"class_list":["post-102","page","type-page","status-publish","has-post-thumbnail","hentry"],"_links":{"self":[{"href":"https:\/\/kurterni.ch\/wordpress\/wp-json\/wp\/v2\/pages\/102","targetHints":{"allow":["GET"]}}],"collection":[{"href":"https:\/\/kurterni.ch\/wordpress\/wp-json\/wp\/v2\/pages"}],"about":[{"href":"https:\/\/kurterni.ch\/wordpress\/wp-json\/wp\/v2\/types\/page"}],"author":[{"embeddable":true,"href":"https:\/\/kurterni.ch\/wordpress\/wp-json\/wp\/v2\/users\/3"}],"replies":[{"embeddable":true,"href":"https:\/\/kurterni.ch\/wordpress\/wp-json\/wp\/v2\/comments?post=102"}],"version-history":[{"count":10,"href":"https:\/\/kurterni.ch\/wordpress\/wp-json\/wp\/v2\/pages\/102\/revisions"}],"predecessor-version":[{"id":2727,"href":"https:\/\/kurterni.ch\/wordpress\/wp-json\/wp\/v2\/pages\/102\/revisions\/2727"}],"wp:featuredmedia":[{"embeddable":true,"href":"https:\/\/kurterni.ch\/wordpress\/wp-json\/wp\/v2\/media\/2101"}],"wp:attachment":[{"href":"https:\/\/kurterni.ch\/wordpress\/wp-json\/wp\/v2\/media?parent=102"}],"curies":[{"name":"wp","href":"https:\/\/api.w.org\/{rel}","templated":true}]}}